{"id":7402,"date":"2017-12-11T20:40:35","date_gmt":"2017-12-11T19:40:35","guid":{"rendered":"http:\/\/www.meetingfriends.ch\/?page_id=7402"},"modified":"2024-08-02T09:00:28","modified_gmt":"2024-08-02T07:00:28","slug":"unterkunft-2","status":"publish","type":"page","link":"https:\/\/www.meetingfriends.ch\/index.php\/unterkunft-2\/","title":{"rendered":"Unterkunft"},"content":{"rendered":"\n<style type=\"text\/css\" data-created_by=\"avia_inline_auto\" id=\"style-css-av-k6yfca-e09d0abcc92cdb1f12f40acecb15dafc\">\n.avia-section.av-k6yfca-e09d0abcc92cdb1f12f40acecb15dafc{\nbackground-repeat:no-repeat;\nbackground-image:url(https:\/\/www.meetingfriends.ch\/wp-content\/uploads\/2016\/04\/banner17_web_bg.png);\nbackground-position:50% 50%;\nbackground-attachment:scroll;\n}\n<\/style>\n<div id='av_section_1'  class='avia-section av-k6yfca-e09d0abcc92cdb1f12f40acecb15dafc main_color avia-section-no-padding avia-no-border-styling  avia-builder-el-0  el_before_av_section  avia-builder-el-first  avia-full-stretch avia-bg-style-scroll container_wrap sidebar_right'  data-section-bg-repeat='stretch'><div class='container av-section-cont-open' ><main  role=\"main\" itemprop=\"mainContentOfPage\"  class='template-page content  av-content-small alpha units'><div class='post-entry post-entry-type-page post-entry-7402'><div class='entry-content-wrapper clearfix'>\n\n<style type=\"text\/css\" data-created_by=\"avia_inline_auto\" id=\"style-css-av-1yciu2-7f8cf5a8fe202e6905b6bc0194f4b0fd\">\n#top .av-special-heading.av-1yciu2-7f8cf5a8fe202e6905b6bc0194f4b0fd{\npadding-bottom:100px;\ncolor:#ffffff;\nfont-size:40px;\n}\nbody .av-special-heading.av-1yciu2-7f8cf5a8fe202e6905b6bc0194f4b0fd .av-special-heading-tag .heading-char{\nfont-size:25px;\n}\n#top #wrap_all .av-special-heading.av-1yciu2-7f8cf5a8fe202e6905b6bc0194f4b0fd .av-special-heading-tag{\nfont-size:40px;\n}\n.av-special-heading.av-1yciu2-7f8cf5a8fe202e6905b6bc0194f4b0fd .special-heading-inner-border{\nborder-color:#ffffff;\n}\n.av-special-heading.av-1yciu2-7f8cf5a8fe202e6905b6bc0194f4b0fd .av-subheading{\nfont-size:18px;\n}\n\n@media only screen and (min-width: 480px) and (max-width: 767px){ \n#top #wrap_all .av-special-heading.av-1yciu2-7f8cf5a8fe202e6905b6bc0194f4b0fd .av-special-heading-tag{\nfont-size:0.8em;\n}\n}\n\n@media only screen and (max-width: 479px){ \n#top #wrap_all .av-special-heading.av-1yciu2-7f8cf5a8fe202e6905b6bc0194f4b0fd .av-special-heading-tag{\nfont-size:0.8em;\n}\n}\n<\/style>\n<div  class='av-special-heading av-1yciu2-7f8cf5a8fe202e6905b6bc0194f4b0fd av-special-heading-h1 custom-color-heading blockquote modern-quote  avia-builder-el-1  avia-builder-el-no-sibling  av-thin-font av-inherit-size'><h1 class='av-special-heading-tag '  itemprop=\"headline\"  >WO \u00dcBERNACHTEN IN  <strong>FRAUENFELD<\/strong>?<\/h1><div class='av_custom_color av-subheading av-subheading_below'><p>Wohnmobil, Hotels, Massenlager &#8211; alles nahe der Event Location<\/p>\n<\/div><div class=\"special-heading-border\"><div class=\"special-heading-inner-border\"><\/div><\/div><\/div>\n\n<\/div><\/div><\/main><!-- close content main element --><\/div><\/div><div id='av_section_2'  class='avia-section av-hyju3e-2c4b628ddbc8a91e1c150edb2244d12d main_color avia-section-default avia-no-shadow  avia-builder-el-2  el_after_av_section  el_before_av_section  avia-bg-style-scroll container_wrap sidebar_right'  ><div class='container av-section-cont-open' ><div class='template-page content  av-content-small alpha units'><div class='post-entry post-entry-type-page post-entry-7402'><div class='entry-content-wrapper clearfix'>\n<section  class='av_textblock_section av-f9i6hm-e6e7ee0ec59fb779fe76d99ab3d9a5ed '   itemscope=\"itemscope\" itemtype=\"https:\/\/schema.org\/CreativeWork\" ><div class='avia_textblock'  itemprop=\"text\" ><h1>F\u00fcr Cacher mit h\u00f6chsten Anspr\u00fcchen<\/h1>\n<h2>Hotelunterkunft in Frauenfeld<\/h2>\n<p>Die Eventlocation befindet sich in diesem Jahr im Zentrum der Stadt Frauenfeld. So seid ihr jetzt mit dem Hotel Blumenstein und Cafe und Hotel Hirt am n\u00e4chsten am Geschehen.<\/p>\n<ul>\n<li><a href=\"http:\/\/www.hotel-frauenfeld.ch\/\">Hotel Frauenfeld<\/a>,<\/li>\n<li><a href=\"http:\/\/www.hirt-im-rhyhof.ch\/hotel\/default.html\">Cafe und Hotel Hirt,<\/a><\/li>\n<li><a href=\"http:\/\/www.greuterhof.ch\/hotel\/\">Greuterhof Islikon,<\/a><\/li>\n<li><a href=\"https:\/\/www.hotel-blumenstein.ch\/\">Hotel Blumenstein<\/a><\/li>\n<\/ul>\n<\/div><\/section>\n\n<style type=\"text\/css\" data-created_by=\"avia_inline_auto\" id=\"style-css-av-djho4a-65fa95f2f1d2e1495a705da207f2239e\">\n.avia-image-container.av-djho4a-65fa95f2f1d2e1495a705da207f2239e img.avia_image{\nbox-shadow:none;\n}\n.avia-image-container.av-djho4a-65fa95f2f1d2e1495a705da207f2239e .av-image-caption-overlay-center{\ncolor:#ffffff;\n}\n<\/style>\n<div  class='avia-image-container av-djho4a-65fa95f2f1d2e1495a705da207f2239e av-styling- avia-align-left  avia-builder-el-4  el_after_av_textblock  avia-builder-el-last '   itemprop=\"image\" itemscope=\"itemscope\" itemtype=\"https:\/\/schema.org\/ImageObject\" ><div class=\"avia-image-container-inner\"><div class=\"avia-image-overlay-wrap\"><img decoding=\"async\" fetchpriority=\"high\" class='wp-image-994 avia-img-lazy-loading-not-994 avia_image ' src=\"https:\/\/www.meetingfriends.ch\/wp-content\/uploads\/2017\/01\/hotel2.jpg\" alt='' title='hotel2'  height=\"836\" width=\"1900\"  itemprop=\"thumbnailUrl\" srcset=\"https:\/\/www.meetingfriends.ch\/wp-content\/uploads\/2017\/01\/hotel2.jpg 1900w, https:\/\/www.meetingfriends.ch\/wp-content\/uploads\/2017\/01\/hotel2-300x132.jpg 300w, https:\/\/www.meetingfriends.ch\/wp-content\/uploads\/2017\/01\/hotel2-768x338.jpg 768w, https:\/\/www.meetingfriends.ch\/wp-content\/uploads\/2017\/01\/hotel2-1030x453.jpg 1030w, https:\/\/www.meetingfriends.ch\/wp-content\/uploads\/2017\/01\/hotel2-1500x660.jpg 1500w, https:\/\/www.meetingfriends.ch\/wp-content\/uploads\/2017\/01\/hotel2-705x310.jpg 705w, https:\/\/www.meetingfriends.ch\/wp-content\/uploads\/2017\/01\/hotel2-450x198.jpg 450w\" sizes=\"(max-width: 1900px) 100vw, 1900px\" \/><\/div><\/div><\/div>\n<\/div><\/div><\/div><!-- close content main div --><\/div><\/div><div id='av_section_3'  class='avia-section av-7swgx6-50f601b39292677a9d70b700a2442eda main_color avia-section-default avia-no-shadow  avia-builder-el-5  el_after_av_section  el_before_av_section  avia-bg-style-scroll container_wrap sidebar_right'  ><div class='container av-section-cont-open' ><div class='template-page content  av-content-small alpha units'><div class='post-entry post-entry-type-page post-entry-7402'><div class='entry-content-wrapper clearfix'>\n<section  class='av_textblock_section av-5dc8ze-0d9e602bcdbd91c0ea910600c490805d '   itemscope=\"itemscope\" itemtype=\"https:\/\/schema.org\/CreativeWork\" ><div class='avia_textblock'  itemprop=\"text\" ><h1>Wohnmobilstellpl\u00e4tze<\/h1>\n<p>F\u00fcr Cacher, welche mit dem Wohnmobil anreisen, haben wir beim Sportplatz Kleine Allmend Parkpl\u00e4tze auf einem Firmengel\u00e4nde reserviert.. Die Distanz zur Eventlocation wird etwa 1.3 km betragen. Es ist ein reiner Parkplatz und hat keine Toilette oder Ver- und Entsorgung.<\/p>\n<p>F\u00fcr unsere Unkosten bitten wir Euch, je Wohnmobil ein Ticket f\u00fcr Fr. 20.00 im Shop zu bestellen. Dieses gilt von Freitagabend 18.00 Uhr bis Sonntagabend 18.00 Uhr. (Der Platz darf nicht vor Freitagabend 18.00 Uhr angefahren werden)<\/p>\n<p>Ort: N 47\u00b0 33.767\u00a0 E 8\u00b0 53.155<\/p>\n<p>Informationen:<\/p>\n<ul>\n<li>kein Strom<\/li>\n<li>keine Ver- und Entsorgung vohanden<\/li>\n<li>Es sind nur Fahrzeuge\/Wohnwagen mit Abwassertanks zugelassen<\/li>\n<li>Wir stellen eine Mobiltoilette f\u00fcr Camper ohne Toilette zur Verf\u00fcgung.<\/li>\n<li>Da wir in einem Wohngebiet stehen, muss die Nachtruhe ab 22:00 eingehalten werden<\/li>\n<\/ul>\n<\/div><\/section>\n<\/div><\/div><\/div><!-- close content main div --><\/div><\/div>\n<style type=\"text\/css\" data-created_by=\"avia_inline_auto\" id=\"style-css-av-4gvp2y-cf060d56e9c374a3744a5f87714dcd1e\">\n.avia-section.av-4gvp2y-cf060d56e9c374a3744a5f87714dcd1e{\nbackground-color:#7bb0e7;\nbackground-image:unset;\n}\n<\/style>\n<div id='av_section_4'  class='avia-section av-4gvp2y-cf060d56e9c374a3744a5f87714dcd1e main_color avia-section-default avia-no-shadow  avia-builder-el-7  el_after_av_section  avia-builder-el-last  avia-bg-style-scroll container_wrap sidebar_right'  ><div class='container av-section-cont-open' ><div class='template-page content  av-content-small alpha units'><div class='post-entry post-entry-type-page post-entry-7402'><div class='entry-content-wrapper clearfix'>\n\n<style type=\"text\/css\" data-created_by=\"avia_inline_auto\" id=\"style-css-av-2iwemy-29c3afb5b22860bd4a2ce55eec3f0fe3\">\n#top .av_textblock_section.av-2iwemy-29c3afb5b22860bd4a2ce55eec3f0fe3 .avia_textblock{\ncolor:#ffffff;\n}\n<\/style>\n<section  class='av_textblock_section av-2iwemy-29c3afb5b22860bd4a2ce55eec3f0fe3 '   itemscope=\"itemscope\" itemtype=\"https:\/\/schema.org\/CreativeWork\" ><div class='avia_textblock av_inherit_color'  itemprop=\"text\" ><h1>Alternative \u00dcbernachtungen in und um Frauenfeld<\/h1>\n<h2>Auf der Parkbank muss niemand schlafen!<\/h2>\n<p>Die Region bietet viele alternative Varianten an:<\/p>\n<ul>\n<li>airbnb (<a href=\"https:\/\/www.airbnb.ch\/s\/frauenfeld\" target=\"_blank\" rel=\"noopener\">link<\/a>)<\/li>\n<li>bed&amp;breakfast (<a href=\"https:\/\/www.bedandbreakfast.eu\/privatzimmer\/frauenfeld\/schweiz\/c2660727\" target=\"_blank\" rel=\"noopener\">link<\/a>)<\/li>\n<li>Schlafen im Stroh und andere Unterk\u00fcnfte (<a href=\"https:\/\/thurgau-bodensee.ch\/de\/bleiben.html\">link<\/a>)<\/li>\n<li>etc.<\/li>\n<\/ul>\n<p>Beratung: <a href=\"mailto:info@thurgau-bodensee.ch\">info@thurgau-bodensee.ch<\/a><\/p>\n<\/div><\/section>\n<\/div><\/div><\/div><!-- close content main div --><\/div><\/div><div id='after_section_4'  class='main_color av_default_container_wrap container_wrap sidebar_right'  ><div class='container av-section-cont-open' ><div class='template-page content  av-content-small alpha units'><div class='post-entry post-entry-type-page post-entry-7402'><div class='entry-content-wrapper clearfix'><\/p>\n","protected":false},"excerpt":{"rendered":"","protected":false},"author":1,"featured_media":0,"parent":0,"menu_order":0,"comment_status":"open","ping_status":"open","template":"","meta":{"footnotes":""},"class_list":["post-7402","page","type-page","status-publish","hentry"],"_links":{"self":[{"href":"https:\/\/www.meetingfriends.ch\/index.php\/wp-json\/wp\/v2\/pages\/7402","targetHints":{"allow":["GET"]}}],"collection":[{"href":"https:\/\/www.meetingfriends.ch\/index.php\/wp-json\/wp\/v2\/pages"}],"about":[{"href":"https:\/\/www.meetingfriends.ch\/index.php\/wp-json\/wp\/v2\/types\/page"}],"author":[{"embeddable":true,"href":"https:\/\/www.meetingfriends.ch\/index.php\/wp-json\/wp\/v2\/users\/1"}],"replies":[{"embeddable":true,"href":"https:\/\/www.meetingfriends.ch\/index.php\/wp-json\/wp\/v2\/comments?post=7402"}],"version-history":[{"count":10,"href":"https:\/\/www.meetingfriends.ch\/index.php\/wp-json\/wp\/v2\/pages\/7402\/revisions"}],"predecessor-version":[{"id":10087,"href":"https:\/\/www.meetingfriends.ch\/index.php\/wp-json\/wp\/v2\/pages\/7402\/revisions\/10087"}],"wp:attachment":[{"href":"https:\/\/www.meetingfriends.ch\/index.php\/wp-json\/wp\/v2\/media?parent=7402"}],"curies":[{"name":"wp","href":"https:\/\/api.w.org\/{rel}","templated":true}]}}