{"id":727,"date":"2016-07-31T21:52:26","date_gmt":"2016-07-31T19:52:26","guid":{"rendered":"http:\/\/www.meetingfriends.ch\/?page_id=727"},"modified":"2024-08-02T23:00:37","modified_gmt":"2024-08-02T21:00:37","slug":"anreise","status":"publish","type":"page","link":"https:\/\/www.meetingfriends.ch\/index.php\/anreise\/","title":{"rendered":"Anreise"},"content":{"rendered":"\n<style type=\"text\/css\" data-created_by=\"avia_inline_auto\" id=\"style-css-av-2l5hvb-49cb7af03f83a7a72aba022bd1dea6a6\">\n.avia-section.av-2l5hvb-49cb7af03f83a7a72aba022bd1dea6a6{\nbackground-repeat:no-repeat;\nbackground-image:url(https:\/\/www.meetingfriends.ch\/wp-content\/uploads\/2016\/04\/banner17_web_bg.png);\nbackground-position:50% 50%;\nbackground-attachment:scroll;\n}\n<\/style>\n<div id='av_section_1'  class='avia-section av-2l5hvb-49cb7af03f83a7a72aba022bd1dea6a6 main_color avia-section-no-padding avia-no-border-styling  avia-builder-el-0  el_before_av_section  avia-builder-el-first  avia-full-stretch avia-bg-style-scroll container_wrap sidebar_right'  data-section-bg-repeat='stretch'><div class='container av-section-cont-open' ><main  role=\"main\" itemprop=\"mainContentOfPage\"  class='template-page content  av-content-small alpha units'><div class='post-entry post-entry-type-page post-entry-727'><div class='entry-content-wrapper clearfix'>\n\n<style type=\"text\/css\" data-created_by=\"avia_inline_auto\" id=\"style-css-av-2g5azj-3e5a9f1ca22782894792ac4c61cbcdf7\">\n#top .av-special-heading.av-2g5azj-3e5a9f1ca22782894792ac4c61cbcdf7{\npadding-bottom:100px;\ncolor:#ffffff;\nfont-size:40px;\n}\nbody .av-special-heading.av-2g5azj-3e5a9f1ca22782894792ac4c61cbcdf7 .av-special-heading-tag .heading-char{\nfont-size:25px;\n}\n#top #wrap_all .av-special-heading.av-2g5azj-3e5a9f1ca22782894792ac4c61cbcdf7 .av-special-heading-tag{\nfont-size:40px;\n}\n.av-special-heading.av-2g5azj-3e5a9f1ca22782894792ac4c61cbcdf7 .special-heading-inner-border{\nborder-color:#ffffff;\n}\n.av-special-heading.av-2g5azj-3e5a9f1ca22782894792ac4c61cbcdf7 .av-subheading{\nfont-size:18px;\n}\n\n@media only screen and (min-width: 480px) and (max-width: 767px){ \n#top #wrap_all .av-special-heading.av-2g5azj-3e5a9f1ca22782894792ac4c61cbcdf7 .av-special-heading-tag{\nfont-size:0.8em;\n}\n}\n\n@media only screen and (max-width: 479px){ \n#top #wrap_all .av-special-heading.av-2g5azj-3e5a9f1ca22782894792ac4c61cbcdf7 .av-special-heading-tag{\nfont-size:0.8em;\n}\n}\n<\/style>\n<div  class='av-special-heading av-2g5azj-3e5a9f1ca22782894792ac4c61cbcdf7 av-special-heading-h1 custom-color-heading blockquote modern-quote  avia-builder-el-1  avia-builder-el-no-sibling  av-thin-font av-inherit-size'><h1 class='av-special-heading-tag '  itemprop=\"headline\"  >ALLE WEGE F\u00dcHREN NACH  <strong>FRAUENFELD<\/strong><\/h1><div class='av_custom_color av-subheading av-subheading_below'><p>Auto, Bahn, Fernbus, Fahrrad, usw.<\/p>\n<\/div><div class=\"special-heading-border\"><div class=\"special-heading-inner-border\"><\/div><\/div><\/div>\n\n<\/div><\/div><\/main><!-- close content main element --><\/div><\/div><div id='av_section_2'  class='avia-section av-28tkdz-e89807093e3b8a26dc2f107938e74404 main_color avia-section-default avia-no-shadow  avia-builder-el-2  el_after_av_section  el_before_av_section  avia-bg-style-scroll container_wrap sidebar_right'  ><div class=\"av-section-color-overlay-wrap\"><a href='#next-section' title='' class='scroll-down-link  avia-svg-icon avia-font-svg_entypo-fontello' data-av_svg_icon='down-open-mini' data-av_iconset='svg_entypo-fontello'><svg version=\"1.1\" xmlns=\"http:\/\/www.w3.org\/2000\/svg\" width=\"15\" height=\"32\" viewBox=\"0 0 15 32\" preserveAspectRatio=\"xMidYMid meet\" aria-labelledby='av-svg-title-1' aria-describedby='av-svg-desc-1' role=\"graphics-symbol\" aria-hidden=\"true\">\n<title id='av-svg-title-1'>Scroll to next section<\/title>\n<desc id='av-svg-desc-1'>Scroll to next section<\/desc>\n<path d=\"M12.96 12.16q0.704-0.832 1.536 0 0.832 0.704 0 1.536l-6.272 6.144q-0.704 0.704-1.536 0l-6.272-6.144q-0.832-0.832 0-1.536 0.768-0.768 1.6 0l5.44 4.992z\"><\/path>\n<\/svg><\/a><div class='container av-section-cont-open' ><div class='template-page content  av-content-small alpha units'><div class='post-entry post-entry-type-page post-entry-727'><div class='entry-content-wrapper clearfix'>\n<section  class='av_textblock_section av-22eu27-5e21d2e7fadd3714f3eafc0bb30f9df4 '   itemscope=\"itemscope\" itemtype=\"https:\/\/schema.org\/CreativeWork\" ><div class='avia_textblock'  itemprop=\"text\" ><h2>Anfahrt mit dem Auto<\/h2>\n<p>Frauenfeld ist ideal erreichbar: direkt an der Autobahn A7 gelegen, kommt man in weniger als 2 Stunden von Bern, guten 30 Minuten von Z\u00fcrich oder keinen 3 Stunden von M\u00fcnchen nach Frauenfeld.<\/p>\n<p>Der Weg zum Eventgel\u00e4nde ist ab Autobahn Ausfahrt Frauenfeld-Ost (Nr. 4) ausgeschildert.<\/p>\n<\/div><\/section>\n\n<style type=\"text\/css\" data-created_by=\"avia_inline_auto\" id=\"style-css-av-1zecyv-baae15227eed2b3679a2362d5a5e3110\">\n.iconbox.av-1zecyv-baae15227eed2b3679a2362d5a5e3110 .iconbox_icon{\nbackground-color:#edae44;\ncolor:#000000;\n}\n.iconbox.av-1zecyv-baae15227eed2b3679a2362d5a5e3110 .iconbox_icon.avia-svg-icon svg:first-child{\nfill:#000000;\nstroke:#000000;\n}\n#top #wrap_all .iconbox.av-1zecyv-baae15227eed2b3679a2362d5a5e3110 .iconbox_content_title{\ncolor:#000000;\n}\n<\/style>\n<article  class='iconbox iconbox_left_content av-1zecyv-baae15227eed2b3679a2362d5a5e3110  avia-builder-el-4  el_after_av_textblock  el_before_av_image  custom-iconbox'  itemscope=\"itemscope\" itemtype=\"https:\/\/schema.org\/CreativeWork\" ><div class='iconbox_icon heading-color avia-iconfont avia-font-entypo-fontello' data-av_icon='\ue83e' data-av_iconfont='entypo-fontello'  ><\/div><div class=\"iconbox_content\"><header class=\"entry-content-header\" aria-label=\"Icon: Maut? Nicht notwendig!\"><h3 class='iconbox_content_title '  itemprop=\"headline\" >Maut? Nicht notwendig!<\/h3><\/header><div class='iconbox_content_container '  itemprop=\"text\" ><p style=\"text-align: left;\">Frauenfeld ist ohne\u00a0 Pkw-Maut (Vignette) ab Konstanz, Singen oder Bregenz auf nur ca. 25 km Landstra\u00dfe erreichbar!<\/p>\n<\/div><\/div><footer class=\"entry-footer\"><\/footer><\/article>\n\n<style type=\"text\/css\" data-created_by=\"avia_inline_auto\" id=\"style-css-av-1payen-fb35dc57a4b9f80a7860831981cf7b9c\">\n.avia-image-container.av-1payen-fb35dc57a4b9f80a7860831981cf7b9c img.avia_image{\nbox-shadow:none;\n}\n.avia-image-container.av-1payen-fb35dc57a4b9f80a7860831981cf7b9c .av-image-caption-overlay-center{\ncolor:#ffffff;\n}\n<\/style>\n<div  class='avia-image-container av-1payen-fb35dc57a4b9f80a7860831981cf7b9c av-styling- avia-align-center  avia-builder-el-5  el_after_av_icon_box  avia-builder-el-last '   itemprop=\"image\" itemscope=\"itemscope\" itemtype=\"https:\/\/schema.org\/ImageObject\" ><div class=\"avia-image-container-inner\"><div class=\"avia-image-overlay-wrap\"><img decoding=\"async\" fetchpriority=\"high\" class='wp-image-10101 avia-img-lazy-loading-not-10101 avia_image ' src=\"https:\/\/www.meetingfriends.ch\/wp-content\/uploads\/2024\/08\/anfahrt_blockparty.png\" alt='' title='anfahrt_blockparty'  height=\"897\" width=\"1020\"  itemprop=\"thumbnailUrl\" srcset=\"https:\/\/www.meetingfriends.ch\/wp-content\/uploads\/2024\/08\/anfahrt_blockparty.png 1020w, https:\/\/www.meetingfriends.ch\/wp-content\/uploads\/2024\/08\/anfahrt_blockparty-300x264.png 300w, https:\/\/www.meetingfriends.ch\/wp-content\/uploads\/2024\/08\/anfahrt_blockparty-768x675.png 768w, https:\/\/www.meetingfriends.ch\/wp-content\/uploads\/2024\/08\/anfahrt_blockparty-705x620.png 705w, https:\/\/www.meetingfriends.ch\/wp-content\/uploads\/2024\/08\/anfahrt_blockparty-450x396.png 450w\" sizes=\"(max-width: 1020px) 100vw, 1020px\" \/><\/div><\/div><\/div>\n<\/div><\/div><\/div><!-- close content main div --><\/div><\/div><\/div>\n<style type=\"text\/css\" data-created_by=\"avia_inline_auto\" id=\"style-css-av-1mrevr-6be5e2fa5e771106ceeb612747f27f28\">\n.avia-section.av-1mrevr-6be5e2fa5e771106ceeb612747f27f28{\nbackground-color:#7bb0e7;\nbackground-image:unset;\n}\n<\/style>\n<div id='av_section_3'  class='avia-section av-1mrevr-6be5e2fa5e771106ceeb612747f27f28 main_color avia-section-default avia-no-shadow  avia-builder-el-6  el_after_av_section  el_before_av_section  avia-bg-style-scroll container_wrap sidebar_right'  ><div class=\"av-section-color-overlay-wrap\"><a href='#next-section' title='' class='scroll-down-link  avia-svg-icon avia-font-svg_entypo-fontello' data-av_svg_icon='down-open-mini' data-av_iconset='svg_entypo-fontello'><svg version=\"1.1\" xmlns=\"http:\/\/www.w3.org\/2000\/svg\" width=\"15\" height=\"32\" viewBox=\"0 0 15 32\" preserveAspectRatio=\"xMidYMid meet\" aria-labelledby='av-svg-title-2' aria-describedby='av-svg-desc-2' role=\"graphics-symbol\" aria-hidden=\"true\">\n<title id='av-svg-title-2'>Scroll to next section<\/title>\n<desc id='av-svg-desc-2'>Scroll to next section<\/desc>\n<path d=\"M12.96 12.16q0.704-0.832 1.536 0 0.832 0.704 0 1.536l-6.272 6.144q-0.704 0.704-1.536 0l-6.272-6.144q-0.832-0.832 0-1.536 0.768-0.768 1.6 0l5.44 4.992z\"><\/path>\n<\/svg><\/a><div class='container av-section-cont-open' ><div class='template-page content  av-content-small alpha units'><div class='post-entry post-entry-type-page post-entry-727'><div class='entry-content-wrapper clearfix'>\n\n<style type=\"text\/css\" data-created_by=\"avia_inline_auto\" id=\"style-css-av-1emuh3-e2c0e73cb058cc3dc23a2658b4c48d50\">\n#top .av_textblock_section.av-1emuh3-e2c0e73cb058cc3dc23a2658b4c48d50 .avia_textblock{\ncolor:#ffffff;\n}\n<\/style>\n<section  class='av_textblock_section av-1emuh3-e2c0e73cb058cc3dc23a2658b4c48d50 '   itemscope=\"itemscope\" itemtype=\"https:\/\/schema.org\/CreativeWork\" ><div class='avia_textblock av_inherit_color'  itemprop=\"text\" ><h2>Anfahrt mit der Bahn<\/h2>\n<p>Auch an den \u00d6V ist Frauenfeld gut angeschlossen: hier h\u00e4lt jeder Intercity von Z\u00fcrich nach Romanshorn oder Konstanz &#8211; und dies im gewohnten Halbstundentakt, ja, seit 2018 teilweise sogar im Viertelstundentakt ab Z\u00fcrich.<\/p>\n<p>Die Event Location ist unmittelbar beim Bahnhof Frauenfeld.<\/p>\n<\/div><\/section>\n\n<\/p>\n<\/div><\/div><\/div><!-- close content main div --><\/div><\/div><\/div><div id='av_section_4'  class='avia-section av-147f1j-40d8f82f818944aa6dd8c6eb76c68d9c main_color avia-section-default avia-no-shadow  avia-builder-el-9  el_after_av_section  el_before_av_section  avia-bg-style-scroll container_wrap sidebar_right'  ><div class=\"av-section-color-overlay-wrap\"><a href='#next-section' title='' class='scroll-down-link  avia-svg-icon avia-font-svg_entypo-fontello' data-av_svg_icon='down-open-mini' data-av_iconset='svg_entypo-fontello'><svg version=\"1.1\" xmlns=\"http:\/\/www.w3.org\/2000\/svg\" width=\"15\" height=\"32\" viewBox=\"0 0 15 32\" preserveAspectRatio=\"xMidYMid meet\" aria-labelledby='av-svg-title-3' aria-describedby='av-svg-desc-3' role=\"graphics-symbol\" aria-hidden=\"true\">\n<title id='av-svg-title-3'>Scroll to next section<\/title>\n<desc id='av-svg-desc-3'>Scroll to next section<\/desc>\n<path d=\"M12.96 12.16q0.704-0.832 1.536 0 0.832 0.704 0 1.536l-6.272 6.144q-0.704 0.704-1.536 0l-6.272-6.144q-0.832-0.832 0-1.536 0.768-0.768 1.6 0l5.44 4.992z\"><\/path>\n<\/svg><\/a><div class='container av-section-cont-open' ><div class='template-page content  av-content-small alpha units'><div class='post-entry post-entry-type-page post-entry-727'><div class='entry-content-wrapper clearfix'>\n<section  class='av_textblock_section av-wzuwn-274ebdb3f470f4292abf4157cdc755be '   itemscope=\"itemscope\" itemtype=\"https:\/\/schema.org\/CreativeWork\" ><div class='avia_textblock'  itemprop=\"text\" ><h2>Anreise mit dem Fahrrad<\/h2>\n<p>Entdecke die Sch\u00f6nheit des Kantons auf dem Sattel und komm mit dem Velo zum MEGA Switzerland.<\/p>\n<p>\u00dcber 900 Kilometer markierte Velo-Routen bietet die Region. Die unz\u00e4hligen Routen f\u00fchren dich auf sicheren Wegen durch die sch\u00f6nsten Gegenden dieser Landschaft und auch auf das Gel\u00e4nde des Mega-Events.<\/p>\n<p>Entdecke die\u00a0<a href=\"https:\/\/thurgau-bodensee.ch\/de\/erleben\/velorouten-finder.html#bm=oac%3Awinter&#038;cat=Bike%20und%20Velo-main,Velotour,E-Bike&#038;filter=r-fullyTranslatedLangus-,r-openState-,sb-sortedBy-0&#038;zc=10,9.06166,47.49958\" target=\"_blank\" rel=\"noopener\">Fahrradrouten im Thugau<\/a><\/p>\n<\/div><\/section>\n\n<style type=\"text\/css\" data-created_by=\"avia_inline_auto\" id=\"style-css-av-qdrx3-a9a50e133411122afb382caa24ed4c90\">\n.avia-image-container.av-qdrx3-a9a50e133411122afb382caa24ed4c90 img.avia_image{\nbox-shadow:none;\n}\n.avia-image-container.av-qdrx3-a9a50e133411122afb382caa24ed4c90 .av-image-caption-overlay-center{\ncolor:#ffffff;\n}\n<\/style>\n<div  class='avia-image-container av-qdrx3-a9a50e133411122afb382caa24ed4c90 av-styling- avia-align-left  avia-builder-el-11  el_after_av_textblock  avia-builder-el-last '   itemprop=\"image\" itemscope=\"itemscope\" itemtype=\"https:\/\/schema.org\/ImageObject\" ><div class=\"avia-image-container-inner\"><div class=\"avia-image-overlay-wrap\"><img decoding=\"async\" fetchpriority=\"high\" class='wp-image-733 avia-img-lazy-loading-not-733 avia_image ' src=\"https:\/\/www.meetingfriends.ch\/wp-content\/uploads\/2016\/07\/velofahren_seeufe.jpg\" alt='' title='velofahren_seeufe'  height=\"450\" width=\"870\"  itemprop=\"thumbnailUrl\" srcset=\"https:\/\/www.meetingfriends.ch\/wp-content\/uploads\/2016\/07\/velofahren_seeufe.jpg 870w, https:\/\/www.meetingfriends.ch\/wp-content\/uploads\/2016\/07\/velofahren_seeufe-300x155.jpg 300w, https:\/\/www.meetingfriends.ch\/wp-content\/uploads\/2016\/07\/velofahren_seeufe-768x397.jpg 768w, https:\/\/www.meetingfriends.ch\/wp-content\/uploads\/2016\/07\/velofahren_seeufe-705x365.jpg 705w, https:\/\/www.meetingfriends.ch\/wp-content\/uploads\/2016\/07\/velofahren_seeufe-450x233.jpg 450w\" sizes=\"(max-width: 870px) 100vw, 870px\" \/><\/div><\/div><\/div>\n\n<\/div><\/div><\/div><!-- close content main div --><\/div><\/div><\/div>\n<style type=\"text\/css\" data-created_by=\"avia_inline_auto\" id=\"style-css-av-ji5kf-225c17c9f7263b9d0b3e31c4900d78af\">\n.avia-section.av-ji5kf-225c17c9f7263b9d0b3e31c4900d78af{\nbackground-color:#7bb0e7;\nbackground-image:unset;\n}\n<\/style>\n<div id='av_section_5'  class='avia-section av-ji5kf-225c17c9f7263b9d0b3e31c4900d78af main_color avia-section-default avia-no-shadow  avia-builder-el-12  el_after_av_section  avia-builder-el-last  avia-bg-style-scroll container_wrap sidebar_right'  ><div class='container av-section-cont-open' ><div class='template-page content  av-content-small alpha units'><div class='post-entry post-entry-type-page post-entry-727'><div class='entry-content-wrapper clearfix'>\n\n<style type=\"text\/css\" data-created_by=\"avia_inline_auto\" id=\"style-css-av-d2xhr-6b15f9d53bc2c67b5fbb4fd2e5054077\">\n#top .av_textblock_section.av-d2xhr-6b15f9d53bc2c67b5fbb4fd2e5054077 .avia_textblock{\ncolor:#ffffff;\n}\n<\/style>\n<section  class='av_textblock_section av-d2xhr-6b15f9d53bc2c67b5fbb4fd2e5054077 '   itemscope=\"itemscope\" itemtype=\"https:\/\/schema.org\/CreativeWork\" ><div class='avia_textblock av_inherit_color'  itemprop=\"text\" ><h2>Anreise mit Flugzeug<\/h2>\n<p>Wer mit einer normalen Linienmaschine anreist, sollte den <a href=\"http:\/\/www.flughafen-zuerich.ch\" target=\"_blank\" rel=\"noopener\">Flughafen Z\u00fcrich (ZRH)<\/a> benutzen. Von dort aus gibt es alle 30 Min. eine direkte Bahnverbindung nach Frauenfeld. Mit kleinen Privatmaschinen liegt der <a href=\"http:\/\/www.mfgt.ch\/flugplatz\/\" target=\"_blank\" rel=\"noopener\">Flugplatz Lommis (LSZT)<\/a> ideal. Nebenbei erw\u00e4hnt: Der Flugplatz Lommis wurde vor 50 Jahren als Ersatz f\u00fcr den Flugplatz Frauenfeld geschaffen, der sich damals auf dem Areal des MEGASWITZERLAND 2014\/2017 befand.<\/p>\n<\/div><\/section>\n\n<style type=\"text\/css\" data-created_by=\"avia_inline_auto\" id=\"style-css-av-9f4w7-03b188199e523cc313fb95b194de27bc\">\n.avia-image-container.av-9f4w7-03b188199e523cc313fb95b194de27bc img.avia_image{\nbox-shadow:none;\n}\n.avia-image-container.av-9f4w7-03b188199e523cc313fb95b194de27bc .av-image-caption-overlay-center{\ncolor:#ffffff;\n}\n<\/style>\n<div  class='avia-image-container av-9f4w7-03b188199e523cc313fb95b194de27bc av-styling- avia-align-left  avia-builder-el-14  el_after_av_textblock  avia-builder-el-last '   itemprop=\"image\" itemscope=\"itemscope\" itemtype=\"https:\/\/schema.org\/ImageObject\" ><div class=\"avia-image-container-inner\"><div class=\"avia-image-overlay-wrap\"><img decoding=\"async\" fetchpriority=\"high\" class='wp-image-736 avia-img-lazy-loading-not-736 avia_image ' src=\"https:\/\/www.meetingfriends.ch\/wp-content\/uploads\/2016\/07\/flughafen_lommis.jpg\" alt='' title='flughafen_lommis'  height=\"463\" width=\"2000\"  itemprop=\"thumbnailUrl\" srcset=\"https:\/\/www.meetingfriends.ch\/wp-content\/uploads\/2016\/07\/flughafen_lommis.jpg 2000w, https:\/\/www.meetingfriends.ch\/wp-content\/uploads\/2016\/07\/flughafen_lommis-300x69.jpg 300w, https:\/\/www.meetingfriends.ch\/wp-content\/uploads\/2016\/07\/flughafen_lommis-768x178.jpg 768w, https:\/\/www.meetingfriends.ch\/wp-content\/uploads\/2016\/07\/flughafen_lommis-1030x238.jpg 1030w, https:\/\/www.meetingfriends.ch\/wp-content\/uploads\/2016\/07\/flughafen_lommis-1500x347.jpg 1500w, https:\/\/www.meetingfriends.ch\/wp-content\/uploads\/2016\/07\/flughafen_lommis-705x163.jpg 705w, https:\/\/www.meetingfriends.ch\/wp-content\/uploads\/2016\/07\/flughafen_lommis-450x104.jpg 450w\" sizes=\"(max-width: 2000px) 100vw, 2000px\" \/><\/div><\/div><\/div>\n<\/div><\/div><\/div><!-- close content main div --><\/div><\/div><div id='after_section_5'  class='main_color av_default_container_wrap container_wrap sidebar_right'  ><div class='container av-section-cont-open' ><div class='template-page content  av-content-small alpha units'><div class='post-entry post-entry-type-page post-entry-727'><div class='entry-content-wrapper clearfix'>\n","protected":false},"excerpt":{"rendered":"","protected":false},"author":1,"featured_media":0,"parent":0,"menu_order":0,"comment_status":"open","ping_status":"open","template":"","meta":{"footnotes":""},"class_list":["post-727","page","type-page","status-publish","hentry"],"_links":{"self":[{"href":"https:\/\/www.meetingfriends.ch\/index.php\/wp-json\/wp\/v2\/pages\/727","targetHints":{"allow":["GET"]}}],"collection":[{"href":"https:\/\/www.meetingfriends.ch\/index.php\/wp-json\/wp\/v2\/pages"}],"about":[{"href":"https:\/\/www.meetingfriends.ch\/index.php\/wp-json\/wp\/v2\/types\/page"}],"author":[{"embeddable":true,"href":"https:\/\/www.meetingfriends.ch\/index.php\/wp-json\/wp\/v2\/users\/1"}],"replies":[{"embeddable":true,"href":"https:\/\/www.meetingfriends.ch\/index.php\/wp-json\/wp\/v2\/comments?post=727"}],"version-history":[{"count":22,"href":"https:\/\/www.meetingfriends.ch\/index.php\/wp-json\/wp\/v2\/pages\/727\/revisions"}],"predecessor-version":[{"id":10104,"href":"https:\/\/www.meetingfriends.ch\/index.php\/wp-json\/wp\/v2\/pages\/727\/revisions\/10104"}],"wp:attachment":[{"href":"https:\/\/www.meetingfriends.ch\/index.php\/wp-json\/wp\/v2\/media?parent=727"}],"curies":[{"name":"wp","href":"https:\/\/api.w.org\/{rel}","templated":true}]}}