{"id":643,"date":"2016-06-08T21:31:48","date_gmt":"2016-06-08T19:31:48","guid":{"rendered":"http:\/\/www.meetingfriends.ch\/?page_id=643"},"modified":"2016-06-12T16:56:59","modified_gmt":"2016-06-12T14:56:59","slug":"impressum","status":"publish","type":"page","link":"https:\/\/www.meetingfriends.ch\/index.php\/impressum\/","title":{"rendered":"Impressum"},"content":{"rendered":"\n<style type=\"text\/css\" data-created_by=\"avia_inline_auto\" id=\"style-css-av-av_section-e46252c10649b321eb2e4e63af10ca18\">\n.avia-section.av-av_section-e46252c10649b321eb2e4e63af10ca18{\nbackground-repeat:no-repeat;\nbackground-image:url(https:\/\/www.meetingfriends.ch\/wp-content\/uploads\/2016\/04\/banner17_web_bg-1500x417.png);\nbackground-position:50% 50%;\nbackground-attachment:scroll;\n}\n<\/style>\n<div id='av_section_1'  class='avia-section av-av_section-e46252c10649b321eb2e4e63af10ca18 main_color avia-section-no-padding avia-no-border-styling  avia-builder-el-0  el_before_av_section  avia-builder-el-first  avia-full-stretch avia-bg-style-scroll container_wrap sidebar_right'  data-section-bg-repeat='stretch'><div class='container av-section-cont-open' ><main  role=\"main\" itemprop=\"mainContentOfPage\"  class='template-page content  av-content-small alpha units'><div class='post-entry post-entry-type-page post-entry-643'><div class='entry-content-wrapper clearfix'>\n\n<style type=\"text\/css\" data-created_by=\"avia_inline_auto\" id=\"style-css-av-av_heading-4fc08ce633b0735c1cb8cea0f6ced4de\">\n#top .av-special-heading.av-av_heading-4fc08ce633b0735c1cb8cea0f6ced4de{\npadding-bottom:10px;\nfont-size:50px;\n}\nbody .av-special-heading.av-av_heading-4fc08ce633b0735c1cb8cea0f6ced4de .av-special-heading-tag .heading-char{\nfont-size:25px;\n}\n#top #wrap_all .av-special-heading.av-av_heading-4fc08ce633b0735c1cb8cea0f6ced4de .av-special-heading-tag{\nfont-size:50px;\n}\n.av-special-heading.av-av_heading-4fc08ce633b0735c1cb8cea0f6ced4de .av-subheading{\nfont-size:15px;\n}\n\n@media only screen and (min-width: 480px) and (max-width: 767px){ \n#top #wrap_all .av-special-heading.av-av_heading-4fc08ce633b0735c1cb8cea0f6ced4de .av-special-heading-tag{\nfont-size:0.8em;\n}\n}\n\n@media only screen and (max-width: 479px){ \n#top #wrap_all .av-special-heading.av-av_heading-4fc08ce633b0735c1cb8cea0f6ced4de .av-special-heading-tag{\nfont-size:0.8em;\n}\n}\n<\/style>\n<div  class='av-special-heading av-av_heading-4fc08ce633b0735c1cb8cea0f6ced4de av-special-heading-h3 custom-color-heading blockquote modern-quote  avia-builder-el-1  el_before_av_image  avia-builder-el-first  av-inherit-size'><h3 class='av-special-heading-tag '  itemprop=\"headline\"  >AGB<\/h3><div class='av-subheading av-subheading_below'><p>ALLGEMEINE <strong>GESCH\u00c4FTSBEDINGUNGEN<\/strong><\/p>\n<\/div><div class=\"special-heading-border\"><div class=\"special-heading-inner-border\"><\/div><\/div><\/div>\n\n<style type=\"text\/css\" data-created_by=\"avia_inline_auto\" id=\"style-css-av-av_image-102cb3c73bf109df1d6b26f38c428c7d\">\n.avia-image-container.av-av_image-102cb3c73bf109df1d6b26f38c428c7d img.avia_image{\nbox-shadow:none;\n}\n.avia-image-container.av-av_image-102cb3c73bf109df1d6b26f38c428c7d .av-image-caption-overlay-center{\ncolor:#ffffff;\n}\n<\/style>\n<div  class='avia-image-container av-av_image-102cb3c73bf109df1d6b26f38c428c7d av-styling- avia-align-center  avia-builder-el-2  el_after_av_heading  avia-builder-el-last '   itemprop=\"image\" itemscope=\"itemscope\" itemtype=\"https:\/\/schema.org\/ImageObject\" ><div class=\"avia-image-container-inner\"><div class=\"avia-image-overlay-wrap\"><img decoding=\"async\" fetchpriority=\"high\" class='wp-image-482 avia-img-lazy-loading-not-482 avia_image ' src=\"https:\/\/www.meetingfriends.ch\/wp-content\/uploads\/2016\/04\/fig.gif\" alt='' title='fig'  height=\"225\" width=\"168\"  itemprop=\"thumbnailUrl\"  \/><\/div><\/div><\/div>\n<\/div><\/div><\/main><!-- close content main element --><\/div><\/div><div id='av_section_2'  class='avia-section av-av_section-d18d8c2c81d10022ebd21ffa95322c35 main_color avia-section-default avia-no-shadow  avia-builder-el-3  el_after_av_section  avia-builder-el-last  avia-bg-style-scroll container_wrap sidebar_right'  ><div class='container av-section-cont-open' ><div class='template-page content  av-content-small alpha units'><div class='post-entry post-entry-type-page post-entry-643'><div class='entry-content-wrapper clearfix'>\n<section  class='av_textblock_section av-av_textblock-0366cc7376be6c9e82a3e9cc8987b64f '   itemscope=\"itemscope\" itemtype=\"https:\/\/schema.org\/CreativeWork\" ><div class='avia_textblock'  itemprop=\"text\" ><div class=\"csc-header csc-header-n1\">\n<h1>Allgemeine Gesch\u00e4ftsbedingungen<\/h1>\n<\/div>\n<p>Die Allgemeinen Gesch\u00e4ftsbedingungen (nachfolgend AGB) sind integrierter Bestandteil des Vertrages zwischen den Verein Frauenfelder Geocacher und dem Besteller. Die AGB sind vorbehaltlos anwendbar und gehen allf\u00e4lligen anderen Gesch\u00e4ftsbedingungen vor.<\/p>\n<h2><b>Preise<\/b><\/h2>\n<p>Die Preise verstehen sich netto ab Shop. Die MwSt. wird nicht getrennt ausgewiesen. Dies bedeutet, dass der K\u00e4ufer keine MWSt. abzugsf\u00e4hige Rechnung erh\u00e4lt.<\/p>\n<h2><b> Versand und Versandkosten<\/b><\/h2>\n<p><b> <\/b>Postsendungen werden mittels PostPac Economy &#8211; oder einem vergleichbaren Service &#8211;\u00a0 versandt, d. h. \u00fcblicherweise Eintreffen am \u00fcbern\u00e4chsten Werktag ab Versandtag bei Inlandbestellungen. Die Versandkosten werden bei Bestellung angezeigt.<\/p>\n<h2><b>Lieferfristen<\/b><\/h2>\n<p>\u00dcblicherweise erfolgt der Versand innert 6 Arbeitstagen.<\/p>\n<h2><b>\u00dcbergang von Nutzen und Gefahr <\/b><\/h2>\n<p>Nutzen und Gefahr gehen mit Abgang der Lieferungen ab Shop auf den Besteller \u00fcber.<\/p>\n<h2><b>Gew\u00e4hrleistungen <\/b><\/h2>\n<p>M\u00e4ngel an der Ware sind innert 10 Tagen nach Erhalt derselben schriftlich anzuzeigen, ansonsten die Ware und der Preis als genehmigt gelten. Erfolgt keine solche Mitteilung, gelten die Ware und der Preis als anerkannt und allf\u00e4llige Gew\u00e4hrleistungsanspr\u00fcche des Bestellers entfallen. Die Abbildungen in Bildern und Preislisten sowie dortige Massangaben, Farben und dergleichen sind ann\u00e4hernd und unverbindlich. Weitere Gew\u00e4hrleistungsanspr\u00fcche des Bestellers, die \u00fcber die hier aufgef\u00fchrten Anspr\u00fcche hinausgehen, insbesondere Anspr\u00fcche auf Schadenersatz, Minderung, Aufhebung des Vertrags oder R\u00fccktritt vom Vertrag, sind ausgeschlossen. Die unberechtigte R\u00fccksendung von gelieferter Ware wird nicht zur\u00fcckverg\u00fctet.<\/p>\n<h2><b>R\u00fccksendungen<\/b><\/h2>\n<p>R\u00fccksendungen ohne vorherige R\u00fccksprache mit dem Verk\u00e4ufer werden nicht entgegengenommen.<\/p>\n<h2><b>Haftung<\/b><\/h2>\n<p>Der Verk\u00e4ufer haftet dem Besteller nur f\u00fcr Verschulden aus Absicht und Grobfahrl\u00e4ssigkeit.<\/p>\n<h2><b>Eigentumsvorbehalt <\/b><\/h2>\n<p>Die Ware bleibt Eigentum von des Verk\u00e4ufers bis zur vollst\u00e4ndigen Bezahlung des Kaufpreises und aller Nebenforderungen.<\/p>\n<h2><b>Anwendbares<\/b><\/h2>\n<p>Die Vertragsverh\u00e4ltnisse zwischen dem Verein Frauenfelder Geocacher und dem Besteller unterstehen ausdr\u00fccklich Schweizerischem Recht.<\/p>\n<h2><b>Gerichtsstand<\/b><\/h2>\n<p>Ausschliesslicher Gerichtsstand f\u00fcr allf\u00e4llige Streitigkeiten ist Frauenfeld<\/p>\n<\/div><\/section>\n<\/div><\/div><\/div><!-- close content main div --><\/div><\/div><div id='after_section_2'  class='main_color av_default_container_wrap container_wrap sidebar_right'  ><div class='container av-section-cont-open' ><div class='template-page content  av-content-small alpha units'><div class='post-entry post-entry-type-page post-entry-643'><div class='entry-content-wrapper clearfix'><\/p>\n","protected":false},"excerpt":{"rendered":"","protected":false},"author":1,"featured_media":0,"parent":0,"menu_order":0,"comment_status":"closed","ping_status":"closed","template":"","meta":{"footnotes":""},"class_list":["post-643","page","type-page","status-publish","hentry"],"_links":{"self":[{"href":"https:\/\/www.meetingfriends.ch\/index.php\/wp-json\/wp\/v2\/pages\/643","targetHints":{"allow":["GET"]}}],"collection":[{"href":"https:\/\/www.meetingfriends.ch\/index.php\/wp-json\/wp\/v2\/pages"}],"about":[{"href":"https:\/\/www.meetingfriends.ch\/index.php\/wp-json\/wp\/v2\/types\/page"}],"author":[{"embeddable":true,"href":"https:\/\/www.meetingfriends.ch\/index.php\/wp-json\/wp\/v2\/users\/1"}],"replies":[{"embeddable":true,"href":"https:\/\/www.meetingfriends.ch\/index.php\/wp-json\/wp\/v2\/comments?post=643"}],"version-history":[{"count":9,"href":"https:\/\/www.meetingfriends.ch\/index.php\/wp-json\/wp\/v2\/pages\/643\/revisions"}],"predecessor-version":[{"id":646,"href":"https:\/\/www.meetingfriends.ch\/index.php\/wp-json\/wp\/v2\/pages\/643\/revisions\/646"}],"wp:attachment":[{"href":"https:\/\/www.meetingfriends.ch\/index.php\/wp-json\/wp\/v2\/media?parent=643"}],"curies":[{"name":"wp","href":"https:\/\/api.w.org\/{rel}","templated":true}]}}