{"id":1094,"date":"2017-02-25T20:51:11","date_gmt":"2017-02-25T19:51:11","guid":{"rendered":"http:\/\/www.meetingfriends.ch\/?page_id=1094"},"modified":"2018-06-14T14:41:18","modified_gmt":"2018-06-14T12:41:18","slug":"programm","status":"publish","type":"page","link":"https:\/\/www.meetingfriends.ch\/index.php\/programm\/","title":{"rendered":"Programm"},"content":{"rendered":"\n<style type=\"text\/css\" data-created_by=\"avia_inline_auto\" id=\"style-css-av-av_section-cfa1c963a09603045d912dfdd4f8aca5\">\n.avia-section.av-av_section-cfa1c963a09603045d912dfdd4f8aca5{\nbackground-repeat:no-repeat;\nbackground-image:url(https:\/\/www.meetingfriends.ch\/wp-content\/uploads\/2016\/04\/banner17_web_bg.png);\nbackground-position:50% 50%;\nbackground-attachment:scroll;\n}\n<\/style>\n<div id='av_section_1'  class='avia-section av-av_section-cfa1c963a09603045d912dfdd4f8aca5 main_color avia-section-no-padding avia-no-border-styling  avia-builder-el-0  el_before_av_section  avia-builder-el-first  avia-full-stretch avia-bg-style-scroll container_wrap sidebar_right'  data-section-bg-repeat='stretch'><div class='container av-section-cont-open' ><main  role=\"main\" itemprop=\"mainContentOfPage\"  class='template-page content  av-content-small alpha units'><div class='post-entry post-entry-type-page post-entry-1094'><div class='entry-content-wrapper clearfix'>\n\n<style type=\"text\/css\" data-created_by=\"avia_inline_auto\" id=\"style-css-av-av_heading-f722e5b9effe9fe68915d5e76cc2e55a\">\n#top .av-special-heading.av-av_heading-f722e5b9effe9fe68915d5e76cc2e55a{\npadding-bottom:80px;\ncolor:#ffffff;\nfont-size:40px;\n}\nbody .av-special-heading.av-av_heading-f722e5b9effe9fe68915d5e76cc2e55a .av-special-heading-tag .heading-char{\nfont-size:25px;\n}\n#top #wrap_all .av-special-heading.av-av_heading-f722e5b9effe9fe68915d5e76cc2e55a .av-special-heading-tag{\nfont-size:40px;\n}\n.av-special-heading.av-av_heading-f722e5b9effe9fe68915d5e76cc2e55a .special-heading-inner-border{\nborder-color:#ffffff;\n}\n.av-special-heading.av-av_heading-f722e5b9effe9fe68915d5e76cc2e55a .av-subheading{\nfont-size:18px;\n}\n\n@media only screen and (min-width: 480px) and (max-width: 767px){ \n#top #wrap_all .av-special-heading.av-av_heading-f722e5b9effe9fe68915d5e76cc2e55a .av-special-heading-tag{\nfont-size:0.8em;\n}\n}\n\n@media only screen and (max-width: 479px){ \n#top #wrap_all .av-special-heading.av-av_heading-f722e5b9effe9fe68915d5e76cc2e55a .av-special-heading-tag{\nfont-size:0.8em;\n}\n}\n<\/style>\n<div  class='av-special-heading av-av_heading-f722e5b9effe9fe68915d5e76cc2e55a av-special-heading-h1 custom-color-heading blockquote modern-quote  avia-builder-el-1  avia-builder-el-no-sibling  av-thin-font av-inherit-size'><h1 class='av-special-heading-tag '  itemprop=\"headline\"  >UNSER <strong>MEGA PROGRAMM<\/strong><\/h1><div class='av_custom_color av-subheading av-subheading_below'><p>Freitag, Samstag, Sonntag: hier erfahrt ihr alles:<\/p>\n<\/div><div class=\"special-heading-border\"><div class=\"special-heading-inner-border\"><\/div><\/div><\/div>\n\n<\/div><\/div><\/main><!-- close content main element --><\/div><\/div><div id='av_section_2'  class='avia-section av-av_section-9654ac09d4233cbd47289a34754a6b92 main_color avia-section-default avia-no-shadow  avia-builder-el-2  el_after_av_section  el_before_av_section  avia-bg-style-scroll container_wrap sidebar_right'  ><div class=\"av-section-color-overlay-wrap\"><a href='#next-section' title='' class='scroll-down-link  avia-svg-icon avia-font-svg_entypo-fontello' data-av_svg_icon='down-open-mini' data-av_iconset='svg_entypo-fontello'><svg version=\"1.1\" xmlns=\"http:\/\/www.w3.org\/2000\/svg\" width=\"15\" height=\"32\" viewBox=\"0 0 15 32\" preserveAspectRatio=\"xMidYMid meet\" aria-labelledby='av-svg-title-1' aria-describedby='av-svg-desc-1' role=\"graphics-symbol\" aria-hidden=\"true\">\n<title id='av-svg-title-1'>Scroll to next section<\/title>\n<desc id='av-svg-desc-1'>Scroll to next section<\/desc>\n<path d=\"M12.96 12.16q0.704-0.832 1.536 0 0.832 0.704 0 1.536l-6.272 6.144q-0.704 0.704-1.536 0l-6.272-6.144q-0.832-0.832 0-1.536 0.768-0.768 1.6 0l5.44 4.992z\"><\/path>\n<\/svg><\/a><div class='container av-section-cont-open' ><div class='template-page content  av-content-small alpha units'><div class='post-entry post-entry-type-page post-entry-1094'><div class='entry-content-wrapper clearfix'>\n<section  class='av_textblock_section av-av_textblock-35972167d9f102c5ddaec0c531c98b9e '   itemscope=\"itemscope\" itemtype=\"https:\/\/schema.org\/CreativeWork\" ><div class='avia_textblock'  itemprop=\"text\" ><h1>Das komplette Programm<\/h1>\n<h2>..alles was man wissen muss.<\/h2>\n<p>Am\u00a0 <em>MEGA Switzerland &#8211; Meeting Friends 2018\u00a0<\/em> bieten wir unseren Besuchern ein abwechslungsreiches Programm an: Unterhaltung, Spiel, gemeinsames Abendessen und nat\u00fcrlich Caches.<\/p>\n<p>Hier nun die komplette \u00dcbersicht.<\/p>\n<\/div><\/section>\n<\/div><\/div><\/div><!-- close content main div --><\/div><\/div><\/div>\n<style type=\"text\/css\" data-created_by=\"avia_inline_auto\" id=\"style-css-av-av_section-e2369efcd1e4e398eaf893f49dbf85c0\">\n.avia-section.av-av_section-e2369efcd1e4e398eaf893f49dbf85c0{\nbackground-color:#7bb0e7;\nbackground-image:unset;\n}\n<\/style>\n<div id='av_section_3'  class='avia-section av-av_section-e2369efcd1e4e398eaf893f49dbf85c0 main_color avia-section-default avia-no-shadow  avia-builder-el-4  el_after_av_section  el_before_av_section  avia-bg-style-scroll container_wrap sidebar_right'  ><div class=\"av-section-color-overlay-wrap\"><a href='#next-section' title='' class='scroll-down-link  avia-svg-icon avia-font-svg_entypo-fontello' data-av_svg_icon='down-open-mini' data-av_iconset='svg_entypo-fontello'><svg version=\"1.1\" xmlns=\"http:\/\/www.w3.org\/2000\/svg\" width=\"15\" height=\"32\" viewBox=\"0 0 15 32\" preserveAspectRatio=\"xMidYMid meet\" aria-labelledby='av-svg-title-2' aria-describedby='av-svg-desc-2' role=\"graphics-symbol\" aria-hidden=\"true\">\n<title id='av-svg-title-2'>Scroll to next section<\/title>\n<desc id='av-svg-desc-2'>Scroll to next section<\/desc>\n<path d=\"M12.96 12.16q0.704-0.832 1.536 0 0.832 0.704 0 1.536l-6.272 6.144q-0.704 0.704-1.536 0l-6.272-6.144q-0.832-0.832 0-1.536 0.768-0.768 1.6 0l5.44 4.992z\"><\/path>\n<\/svg><\/a><div class='container av-section-cont-open' ><div class='template-page content  av-content-small alpha units'><div class='post-entry post-entry-type-page post-entry-1094'><div class='entry-content-wrapper clearfix'>\n<section  class='av_textblock_section av-av_textblock-35972167d9f102c5ddaec0c531c98b9e '   itemscope=\"itemscope\" itemtype=\"https:\/\/schema.org\/CreativeWork\" ><div class='avia_textblock'  itemprop=\"text\" ><h1>Freitag<\/h1>\n<\/div><\/section>\n<div class='avia-data-table-wrap av-av_table-93ea746119418b886e404645f790d10f avia_responsive_table avia-table-1'><table  class='avia-table avia-data-table avia_pricing_default  avia-builder-el-6  el_after_av_textblock  avia-builder-el-last '  itemscope=\"itemscope\" itemtype=\"https:\/\/schema.org\/Table\" ><caption>Programm Freitag<\/caption><tbody><tr class='avia-heading-row'><th class=''>Wann<\/th><th class=''>Was<\/th><th class=''>wo<\/th><\/tr><tr class=''><td class=''>15:00<\/td><td class=''>Campinggel\u00e4nde kann in Beschlag genommen werden (Zelte,<br \/>\nWohnmobile und Wohnwagen)<\/td><td class=''>Camping-Gel\u00e4nde<\/td><\/tr><tr class=''><td class=''>16:00<\/td><td class=''>Er\u00f6ffnung des Info-B\u00fcros und des Festgel\u00e4ndes<\/td><td class=''><\/td><\/tr><tr class=''><td class=''>16:00 bis 22:00<\/td><td class=''>Registrierung und Empfang der Packages, Tageskasse<\/td><td class=''>Welcome Desks<\/td><\/tr><tr class=''><td class=''>16:00<\/td><td class=''>Verpflegungsm\u00f6glichkeit f\u00fcr jeden Geschmack<\/td><td class=''>Vor und in der Festhalle<\/td><\/tr><tr class=''><td class=''>18:30<\/td><td class=''>Er\u00f6ffnung Indoor Camping und &#8218;rustikaler&#8216; Schlafraum<\/td><td class=''>Turnhalle und Milit\u00e4runterkunft<\/td><\/tr><tr class=''><td class=''>19:30 &#8211; 21:30<\/td><td class=''><i>Hello Again<\/i>: der Er\u00f6ffungsevent auf der<br \/>\nShowb\u00fchne mit G\u00e4sten und Showacts<\/td><td class=''>Trib\u00fcne<\/td><\/tr><tr class=''><td class=''>21:00 &#8211; 24:00<\/td><td class=''>After-Show Party: Unsere Bar empf\u00e4ngt alle Nachtschw\u00e4rmer<br \/>\n<\/td><td class=''>Festhalle<\/td><\/tr><\/tbody><\/table><\/div><style type='text\/css'>.avia-table-1 td:nth-of-type(1):before { content: 'Wann'; } .avia-table-1 td:nth-of-type(2):before { content: 'Was'; } .avia-table-1 td:nth-of-type(3):before { content: 'wo'; } <\/style>\n<\/p>\n<\/div><\/div><\/div><!-- close content main div --><\/div><\/div><\/div>\n<style type=\"text\/css\" data-created_by=\"avia_inline_auto\" id=\"style-css-av-av_section-1fe8212f21ccbca10ceb86be36b8cb32\">\n.avia-section.av-av_section-1fe8212f21ccbca10ceb86be36b8cb32{\nbackground-color:#ced9e2;\nbackground-image:unset;\n}\n<\/style>\n<div id='av_section_4'  class='avia-section av-av_section-1fe8212f21ccbca10ceb86be36b8cb32 main_color avia-section-default avia-no-shadow  avia-builder-el-7  el_after_av_section  el_before_av_section  avia-bg-style-scroll container_wrap sidebar_right'  ><div class=\"av-section-color-overlay-wrap\"><a href='#next-section' title='' class='scroll-down-link  avia-svg-icon avia-font-svg_entypo-fontello' data-av_svg_icon='down-open-mini' data-av_iconset='svg_entypo-fontello'><svg version=\"1.1\" xmlns=\"http:\/\/www.w3.org\/2000\/svg\" width=\"15\" height=\"32\" viewBox=\"0 0 15 32\" preserveAspectRatio=\"xMidYMid meet\" aria-labelledby='av-svg-title-3' aria-describedby='av-svg-desc-3' role=\"graphics-symbol\" aria-hidden=\"true\">\n<title id='av-svg-title-3'>Scroll to next section<\/title>\n<desc id='av-svg-desc-3'>Scroll to next section<\/desc>\n<path d=\"M12.96 12.16q0.704-0.832 1.536 0 0.832 0.704 0 1.536l-6.272 6.144q-0.704 0.704-1.536 0l-6.272-6.144q-0.832-0.832 0-1.536 0.768-0.768 1.6 0l5.44 4.992z\"><\/path>\n<\/svg><\/a><div class='container av-section-cont-open' ><div class='template-page content  av-content-small alpha units'><div class='post-entry post-entry-type-page post-entry-1094'><div class='entry-content-wrapper clearfix'>\n<section  class='av_textblock_section av-av_textblock-35972167d9f102c5ddaec0c531c98b9e '   itemscope=\"itemscope\" itemtype=\"https:\/\/schema.org\/CreativeWork\" ><div class='avia_textblock'  itemprop=\"text\" ><h1>Samstag<\/h1>\n<\/div><\/section>\n<div class='avia-data-table-wrap av-av_table-383d08bb15f67a473db12cd8806af5c3 avia_responsive_table avia-table-2'><table  class='avia-table avia-data-table avia_pricing_default  avia-builder-el-9  el_after_av_textblock  avia-builder-el-last '  itemscope=\"itemscope\" itemtype=\"https:\/\/schema.org\/Table\" ><caption>Programm Samstag<\/caption><tbody><tr class='avia-heading-row'><th class=''>Wann<\/th><th class=''>Was<\/th><th class=''>wo<\/th><\/tr><tr class=''><td class=''>07:30 &#8211; 10:00<\/td><td class=''>Fr\u00fchst\u00fcck (bitte im Shop vorg\u00e4ngig buchen)<\/td><td class=''>Festhalle<\/td><\/tr><tr class=''><td class=''>08:00<\/td><td class=''>\u00d6ffnung Info-B\u00fcro<\/td><td class=''>Info-B\u00fcro<\/td><\/tr><tr class=''><td class=''>08:30 &#8211; 19:00<\/td><td class=''>Registrierung und Empfang der gebuchten Packages sowie Tageskasse<\/td><td class=''>Welcome Desk<\/td><\/tr><tr class=''><td class=''>08:30 &#8211; 18:00<\/td><td class=''>Marktst\u00e4nde sind ge\u00f6ffnet<\/td><td class=''>Marktgasse<\/td><\/tr><tr class=''><td class=''>9:00-10:15<\/td><td class=''> c:geo Android Workshop<\/td><td class=''>Vortragsr\u00e4ume bei Trib\u00fcne<\/td><\/tr><tr class=''><td class=''>09:05 &#8211; 16:30<\/td><td class=''>Attraktionen auf dem Freigel\u00e4nde:<br \/>\n&#8211; T5 Klettern und Seiltechnik erlernen<br \/>\n&#8211; Birre TB<br \/>\n&#8211; BigShot Golf<br \/>\n&#8211; Pettling werfen<br \/>\n&#8211; Bob anschieben<br \/>\n&#8211; H\u00fcpfburg<br \/>\n&#8211; Fallgaudi<br \/>\n&#8211; Lab Caches<\/td><td class=''>Aussengel\u00e4nde<\/td><\/tr><tr class=''><td class=''>17:15 \u2013 18:00<\/td><td class=''>GeoRUN<\/td><td class=''>Siehe Anmeldung GeoRUN<\/td><\/tr><tr class=''><td class=''><\/td><td class=''><\/td><td class=''><\/td><\/tr><tr class=''><td class=''>ab 18:00<\/td><td class=''>Saal\u00f6ffnung f\u00fcr Abendprogramm<\/td><td class=''>Festsaal<\/td><\/tr><tr class=''><td class=''>18:30 bis 19:45<\/td><td class=''>Essen (Hauptgang)<\/td><td class=''><\/td><\/tr><tr class=''><td class=''>20:00 <\/td><td class=''>Auftritt Rock Academy<\/td><td class=''>B\u00fchne<\/td><\/tr><tr class=''><td class=''>20:30<\/td><td class=''>1. Runde Bingo mit tollen Preisen<\/td><td class=''>Festsaal<\/td><\/tr><tr class=''><td class=''>21:00 <\/td><td class=''>Kuchenbuffet<\/td><td class=''>Festsaal<\/td><\/tr><tr class=''><td class=''>21:30 <\/td><td class=''>Auftriff Drums plus Ultra<\/td><td class=''>B\u00fchne<\/td><\/tr><tr class=''><td class=''>22:00<\/td><td class=''>2. Runde Bingo mit noch mehr Preisen<\/td><td class=''>Festsaal<\/td><\/tr><tr class=''><td class=''>22:30<\/td><td class=''> Ende offizieller Teil<\/td><td class=''>Festsaal<\/td><\/tr><tr class=''><td class=''>23:00<\/td><td class=''>G\u00e4ste verabschieden, Saal wird geschlossen<\/td><td class=''><\/td><\/tr><\/tbody><\/table><\/div><style type='text\/css'>.avia-table-2 td:nth-of-type(1):before { content: 'Wann'; } .avia-table-2 td:nth-of-type(2):before { content: 'Was'; } .avia-table-2 td:nth-of-type(3):before { content: 'wo'; } <\/style>\n\n<\/div><\/div><\/div><!-- close content main div --><\/div><\/div><\/div>\n<style type=\"text\/css\" data-created_by=\"avia_inline_auto\" id=\"style-css-av-av_section-e2369efcd1e4e398eaf893f49dbf85c0\">\n.avia-section.av-av_section-e2369efcd1e4e398eaf893f49dbf85c0{\nbackground-color:#7bb0e7;\nbackground-image:unset;\n}\n<\/style>\n<div id='av_section_5'  class='avia-section av-av_section-e2369efcd1e4e398eaf893f49dbf85c0 main_color avia-section-default avia-no-shadow  avia-builder-el-10  el_after_av_section  avia-builder-el-last  avia-bg-style-scroll container_wrap sidebar_right'  ><div class=\"av-section-color-overlay-wrap\"><a href='#next-section' title='' class='scroll-down-link  avia-svg-icon avia-font-svg_entypo-fontello' data-av_svg_icon='down-open-mini' data-av_iconset='svg_entypo-fontello'><svg version=\"1.1\" xmlns=\"http:\/\/www.w3.org\/2000\/svg\" width=\"15\" height=\"32\" viewBox=\"0 0 15 32\" preserveAspectRatio=\"xMidYMid meet\" aria-labelledby='av-svg-title-4' aria-describedby='av-svg-desc-4' role=\"graphics-symbol\" aria-hidden=\"true\">\n<title id='av-svg-title-4'>Scroll to next section<\/title>\n<desc id='av-svg-desc-4'>Scroll to next section<\/desc>\n<path d=\"M12.96 12.16q0.704-0.832 1.536 0 0.832 0.704 0 1.536l-6.272 6.144q-0.704 0.704-1.536 0l-6.272-6.144q-0.832-0.832 0-1.536 0.768-0.768 1.6 0l5.44 4.992z\"><\/path>\n<\/svg><\/a><div class='container av-section-cont-open' ><div class='template-page content  av-content-small alpha units'><div class='post-entry post-entry-type-page post-entry-1094'><div class='entry-content-wrapper clearfix'>\n<section  class='av_textblock_section av-av_textblock-35972167d9f102c5ddaec0c531c98b9e '   itemscope=\"itemscope\" itemtype=\"https:\/\/schema.org\/CreativeWork\" ><div class='avia_textblock'  itemprop=\"text\" ><h1>Sonntag<\/h1>\n<\/div><\/section>\n<div class='avia-data-table-wrap av-av_table-a485c6b3ce35b63170b126f5fe8b7db8 avia_responsive_table avia-table-3'><table  class='avia-table avia-data-table avia_pricing_default  avia-builder-el-12  el_after_av_textblock  avia-builder-el-last '  itemscope=\"itemscope\" itemtype=\"https:\/\/schema.org\/Table\" ><caption>Programm Sonntag<\/caption><tbody><tr class='avia-heading-row'><th class=''>Wann<\/th><th class=''>Was<\/th><th class=''>wo<\/th><\/tr><tr class=''><td class=''>07:30 &#8211; 10:00<\/td><td class=''>Fr\u00fchst\u00fcck (bitte im Shop vorg\u00e4ngig buchen)<\/td><td class=''>Festhalle<\/td><\/tr><tr class=''><td class=''>08:00<\/td><td class=''>\u00d6ffnung Info-B\u00fcro<\/td><td class=''>Info-B\u00fcro<\/td><\/tr><tr class=''><td class=''>bis 11:00<\/td><td class=''>R\u00e4umung des Campinggel\u00e4ndes und der Schlafpl\u00e4tze<\/td><td class=''>Camping, Milit\u00e4runterkunft und Turnhalle<\/td><\/tr><tr class=''><td class=''>11:00 &#8211; 18:00<\/td><td class=''>Aufr\u00e4umen des Gel\u00e4ndes<\/td><td class=''>Gel\u00e4nde, Festhalle<\/td><\/tr><tr class=''><td class=''>11:00 &#8211; 12:00<\/td><td class=''>Time to Say Good Bye (Abschiedsevent)<\/td><td class=''>vor Info-B\u00fcro<\/td><\/tr><\/tbody><\/table><\/div><style type='text\/css'>.avia-table-3 td:nth-of-type(1):before { content: 'Wann'; } .avia-table-3 td:nth-of-type(2):before { content: 'Was'; } .avia-table-3 td:nth-of-type(3):before { content: 'wo'; } <\/style>\n<\/div><\/div><\/div><!-- close content main div --><\/div><\/div><\/div><div id='after_section_5'  class='main_color av_default_container_wrap container_wrap sidebar_right'  ><div class='container av-section-cont-open' ><div class='template-page content  av-content-small alpha units'><div class='post-entry post-entry-type-page post-entry-1094'><div class='entry-content-wrapper clearfix'>\n","protected":false},"excerpt":{"rendered":"","protected":false},"author":1,"featured_media":0,"parent":0,"menu_order":0,"comment_status":"open","ping_status":"open","template":"","meta":{"footnotes":""},"class_list":["post-1094","page","type-page","status-publish","hentry"],"_links":{"self":[{"href":"https:\/\/www.meetingfriends.ch\/index.php\/wp-json\/wp\/v2\/pages\/1094","targetHints":{"allow":["GET"]}}],"collection":[{"href":"https:\/\/www.meetingfriends.ch\/index.php\/wp-json\/wp\/v2\/pages"}],"about":[{"href":"https:\/\/www.meetingfriends.ch\/index.php\/wp-json\/wp\/v2\/types\/page"}],"author":[{"embeddable":true,"href":"https:\/\/www.meetingfriends.ch\/index.php\/wp-json\/wp\/v2\/users\/1"}],"replies":[{"embeddable":true,"href":"https:\/\/www.meetingfriends.ch\/index.php\/wp-json\/wp\/v2\/comments?post=1094"}],"version-history":[{"count":13,"href":"https:\/\/www.meetingfriends.ch\/index.php\/wp-json\/wp\/v2\/pages\/1094\/revisions"}],"predecessor-version":[{"id":1101,"href":"https:\/\/www.meetingfriends.ch\/index.php\/wp-json\/wp\/v2\/pages\/1094\/revisions\/1101"}],"wp:attachment":[{"href":"https:\/\/www.meetingfriends.ch\/index.php\/wp-json\/wp\/v2\/media?parent=1094"}],"curies":[{"name":"wp","href":"https:\/\/api.w.org\/{rel}","templated":true}]}}